{"id":317,"date":"2020-04-15T22:45:15","date_gmt":"2020-04-15T20:45:15","guid":{"rendered":"http:\/\/podbaszta.bits4u.pl\/?page_id=317"},"modified":"2025-07-08T23:26:41","modified_gmt":"2025-07-08T21:26:41","slug":"kapielisko","status":"publish","type":"page","link":"http:\/\/podbaszta.bits4u.pl\/?page_id=317","title":{"rendered":"K\u0104PIELISKO"},"content":{"rendered":"\t\t<div data-elementor-type=\"wp-post\" data-elementor-id=\"317\" class=\"elementor elementor-317\">\n\t\t\t\t\t\t<div class=\"elementor-inner\">\n\t\t\t\t<div class=\"elementor-section-wrap\">\n\t\t\t\t\t\t\t\t\t<section class=\"elementor-section elementor-top-section elementor-element elementor-element-8e2137e elementor-section-boxed elementor-section-height-default elementor-section-height-default\" data-id=\"8e2137e\" data-element_type=\"section\">\n\t\t\t\t\t\t<div class=\"elementor-container elementor-column-gap-default\">\n\t\t\t\t\t\t\t<div class=\"elementor-row\">\n\t\t\t\t\t<div class=\"elementor-column elementor-col-100 elementor-top-column elementor-element elementor-element-8a20a67\" data-id=\"8a20a67\" data-element_type=\"column\">\n\t\t\t<div class=\"elementor-column-wrap\">\n\t\t\t\t\t\t\t<div class=\"elementor-widget-wrap\">\n\t\t\t\t\t\t\t\t<\/div>\n\t\t\t\t\t<\/div>\n\t\t<\/div>\n\t\t\t\t\t\t\t\t<\/div>\n\t\t\t\t\t<\/div>\n\t\t<\/section>\n\t\t\t\t<section class=\"elementor-section elementor-top-section elementor-element elementor-element-d185c31 elementor-section-stretched elementor-section-boxed elementor-section-height-default elementor-section-height-default\" data-id=\"d185c31\" data-element_type=\"section\" data-settings=\"{&quot;stretch_section&quot;:&quot;section-stretched&quot;}\">\n\t\t\t\t\t\t<div class=\"elementor-container elementor-column-gap-default\">\n\t\t\t\t\t\t\t<div class=\"elementor-row\">\n\t\t\t\t\t<div class=\"elementor-column elementor-col-33 elementor-top-column elementor-element elementor-element-02f4a3d\" data-id=\"02f4a3d\" data-element_type=\"column\">\n\t\t\t<div class=\"elementor-column-wrap elementor-element-populated\">\n\t\t\t\t\t\t\t<div class=\"elementor-widget-wrap\">\n\t\t\t\t\t\t<div class=\"elementor-element elementor-element-c91b988 elementor-widget elementor-widget-text-editor\" data-id=\"c91b988\" data-element_type=\"widget\" data-widget_type=\"text-editor.default\">\n\t\t\t\t<div class=\"elementor-widget-container\">\n\t\t\t\t\t\t\t\t<div class=\"elementor-text-editor elementor-clearfix\">\n\t\t\t\t<p><span style=\"font-size: 20px; text-align: center;\">Na terenie o\u015brodka znajduje si\u0119 r\u00f3wnie\u017c k\u0105pielisko, kt\u00f3re ma urozmaici\u0107 czas wolny dla dzieci i m\u0142odzie\u017cy. Jest ono otoczone pomostem oraz linami k\u0105pieliskowymi, dzi\u0119ki czemu wydzielono strefy k\u0105pieli dla umiej\u0105cych p\u0142ywa\u0107 oraz stref\u0119 przeznaczon\u0105 dla dzieci \u2013 brodzik. Na terenie k\u0105pieliska zgodnie z przepisami wyznaczono miejsce dla ratownika wodnego.<\/span><\/p>\n<p><span style=\"font-size: 20px; text-align: center;\">O\u015brodek posiada w\u0142asn\u0105 przysta\u0144 wodn\u0105. Mo\u017cna wypo\u017cyczy\u0107 z niej rowery wodne i kajaki.&nbsp;<\/span><span style=\"font-size: 20px; text-align: center;\">&nbsp;<\/span><\/p>\t\t\t\t\t<\/div>\n\t\t\t\t\t\t<\/div>\n\t\t\t\t<\/div>\n\t\t\t\t\t\t<\/div>\n\t\t\t\t\t<\/div>\n\t\t<\/div>\n\t\t\t\t<div class=\"elementor-column elementor-col-33 elementor-top-column elementor-element elementor-element-f04cbbb\" data-id=\"f04cbbb\" data-element_type=\"column\">\n\t\t\t<div class=\"elementor-column-wrap\">\n\t\t\t\t\t\t\t<div class=\"elementor-widget-wrap\">\n\t\t\t\t\t\t\t\t<\/div>\n\t\t\t\t\t<\/div>\n\t\t<\/div>\n\t\t\t\t<div class=\"elementor-column elementor-col-33 elementor-top-column elementor-element elementor-element-59c7180\" data-id=\"59c7180\" data-element_type=\"column\">\n\t\t\t<div class=\"elementor-column-wrap elementor-element-populated\">\n\t\t\t\t\t\t\t<div class=\"elementor-widget-wrap\">\n\t\t\t\t\t\t<div class=\"elementor-element elementor-element-53544c9 elementor-widget elementor-widget-text-editor\" data-id=\"53544c9\" data-element_type=\"widget\" data-widget_type=\"text-editor.default\">\n\t\t\t\t<div class=\"elementor-widget-container\">\n\t\t\t\t\t\t\t\t<div class=\"elementor-text-editor elementor-clearfix\">\n\t\t\t\t<h3 class=\"widget-title\" style=\"font-family: Oswald, sans-serif; line-height: 1.1; color: #1c1c1c; margin-bottom: 20px; font-size: 24px; border-bottom: 1px solid #918268; padding-bottom: 10px; border-top-color: #918268; border-right-color: #918268; border-left-color: #918268;\">JESTE\u015a CIEKAW DANYCH K\u0104PIELISKA? KLIKNIJ NA PROFIL!!!<\/h3>\t\t\t\t\t<\/div>\n\t\t\t\t\t\t<\/div>\n\t\t\t\t<\/div>\n\t\t\t\t<div class=\"elementor-element elementor-element-792c45c elementor-widget elementor-widget-text-editor\" data-id=\"792c45c\" data-element_type=\"widget\" data-widget_type=\"text-editor.default\">\n\t\t\t\t<div class=\"elementor-widget-container\">\n\t\t\t\t\t\t\t\t<div class=\"elementor-text-editor elementor-clearfix\">\n\t\t\t\t<p><a href=\"http:\/\/podbaszta.bits4u.pl\/wp-content\/uploads\/2020\/04\/PROFIL-WODNY-K\u0104PIELISKA-ZSMP-W-LUBNIEWICACH.pdf\">PROFIL WODNY K\u0104PIELISKA ZSMP W LUBNIEWICACH<\/a><\/p>\t\t\t\t\t<\/div>\n\t\t\t\t\t\t<\/div>\n\t\t\t\t<\/div>\n\t\t\t\t\t\t<\/div>\n\t\t\t\t\t<\/div>\n\t\t<\/div>\n\t\t\t\t\t\t\t\t<\/div>\n\t\t\t\t\t<\/div>\n\t\t<\/section>\n\t\t\t\t<section class=\"elementor-section elementor-top-section elementor-element elementor-element-098d594 elementor-section-stretched elementor-section-boxed elementor-section-height-default elementor-section-height-default\" data-id=\"098d594\" data-element_type=\"section\" data-settings=\"{&quot;stretch_section&quot;:&quot;section-stretched&quot;}\">\n\t\t\t\t\t\t<div class=\"elementor-container elementor-column-gap-default\">\n\t\t\t\t\t\t\t<div class=\"elementor-row\">\n\t\t\t\t\t<div class=\"elementor-column elementor-col-100 elementor-top-column elementor-element elementor-element-273b8ce\" data-id=\"273b8ce\" data-element_type=\"column\">\n\t\t\t<div class=\"elementor-column-wrap elementor-element-populated\">\n\t\t\t\t\t\t\t<div class=\"elementor-widget-wrap\">\n\t\t\t\t\t\t<div class=\"elementor-element elementor-element-1d8bd86 elementor-widget elementor-widget-image-gallery\" data-id=\"1d8bd86\" data-element_type=\"widget\" data-widget_type=\"image-gallery.default\">\n\t\t\t\t<div class=\"elementor-widget-container\">\n\t\t\t\t\t<div class=\"elementor-image-gallery\">\n\t\t\t<div id='gallery-1' class='gallery galleryid-317 gallery-columns-4 gallery-size-large'><figure class='gallery-item'>\n\t\t\t<div class='gallery-icon landscape'>\n\t\t\t\t<a data-elementor-open-lightbox=\"yes\" data-elementor-lightbox-slideshow=\"1d8bd86\" data-elementor-lightbox-title=\"DSC02608\" e-action-hash=\"#elementor-action%3Aaction%3Dlightbox%26settings%3DeyJpZCI6NjgzLCJ1cmwiOiJodHRwOlwvXC9wb2RiYXN6dGEuYml0czR1LnBsXC93cC1jb250ZW50XC91cGxvYWRzXC8yMDIyXC8xMVwvRFNDMDI2MDguanBnIiwic2xpZGVzaG93IjoiMWQ4YmQ4NiJ9\" href='http:\/\/podbaszta.bits4u.pl\/wp-content\/uploads\/2022\/11\/DSC02608.jpg'><img width=\"525\" height=\"350\" src=\"http:\/\/podbaszta.bits4u.pl\/wp-content\/uploads\/2022\/11\/DSC02608-1024x683.jpg\" class=\"attachment-large size-large\" alt=\"\" decoding=\"async\" loading=\"lazy\" srcset=\"http:\/\/podbaszta.bits4u.pl\/wp-content\/uploads\/2022\/11\/DSC02608-1024x683.jpg 1024w, http:\/\/podbaszta.bits4u.pl\/wp-content\/uploads\/2022\/11\/DSC02608-300x200.jpg 300w, http:\/\/podbaszta.bits4u.pl\/wp-content\/uploads\/2022\/11\/DSC02608-768x512.jpg 768w\" sizes=\"100vw\" \/><\/a>\n\t\t\t<\/div><\/figure><figure class='gallery-item'>\n\t\t\t<div class='gallery-icon landscape'>\n\t\t\t\t<a data-elementor-open-lightbox=\"yes\" data-elementor-lightbox-slideshow=\"1d8bd86\" data-elementor-lightbox-title=\"DSC_0403\" e-action-hash=\"#elementor-action%3Aaction%3Dlightbox%26settings%3DeyJpZCI6MjgxLCJ1cmwiOiJodHRwOlwvXC9wb2RiYXN6dGEuYml0czR1LnBsXC93cC1jb250ZW50XC91cGxvYWRzXC8yMDIwXC8wM1wvRFNDXzA0MDMuanBnIiwic2xpZGVzaG93IjoiMWQ4YmQ4NiJ9\" href='http:\/\/podbaszta.bits4u.pl\/wp-content\/uploads\/2020\/03\/DSC_0403.jpg'><img width=\"525\" height=\"349\" src=\"http:\/\/podbaszta.bits4u.pl\/wp-content\/uploads\/2020\/03\/DSC_0403-1024x681.jpg\" class=\"attachment-large size-large\" alt=\"\" decoding=\"async\" loading=\"lazy\" srcset=\"http:\/\/podbaszta.bits4u.pl\/wp-content\/uploads\/2020\/03\/DSC_0403-1024x681.jpg 1024w, http:\/\/podbaszta.bits4u.pl\/wp-content\/uploads\/2020\/03\/DSC_0403-300x199.jpg 300w, http:\/\/podbaszta.bits4u.pl\/wp-content\/uploads\/2020\/03\/DSC_0403-768x511.jpg 768w\" sizes=\"100vw\" \/><\/a>\n\t\t\t<\/div><\/figure><figure class='gallery-item'>\n\t\t\t<div class='gallery-icon landscape'>\n\t\t\t\t<a data-elementor-open-lightbox=\"yes\" data-elementor-lightbox-slideshow=\"1d8bd86\" data-elementor-lightbox-title=\"IMG_7696\" e-action-hash=\"#elementor-action%3Aaction%3Dlightbox%26settings%3DeyJpZCI6MjA5LCJ1cmwiOiJodHRwOlwvXC9wb2RiYXN6dGEuYml0czR1LnBsXC93cC1jb250ZW50XC91cGxvYWRzXC8yMDE5XC8wNlwvSU1HXzc2OTYuanBnIiwic2xpZGVzaG93IjoiMWQ4YmQ4NiJ9\" href='http:\/\/podbaszta.bits4u.pl\/wp-content\/uploads\/2019\/06\/IMG_7696.jpg'><img width=\"525\" height=\"350\" src=\"http:\/\/podbaszta.bits4u.pl\/wp-content\/uploads\/2019\/06\/IMG_7696-1024x683.jpg\" class=\"attachment-large size-large\" alt=\"\" decoding=\"async\" loading=\"lazy\" srcset=\"http:\/\/podbaszta.bits4u.pl\/wp-content\/uploads\/2019\/06\/IMG_7696-1024x683.jpg 1024w, http:\/\/podbaszta.bits4u.pl\/wp-content\/uploads\/2019\/06\/IMG_7696-300x200.jpg 300w, http:\/\/podbaszta.bits4u.pl\/wp-content\/uploads\/2019\/06\/IMG_7696-768x512.jpg 768w\" sizes=\"100vw\" \/><\/a>\n\t\t\t<\/div><\/figure><figure class='gallery-item'>\n\t\t\t<div class='gallery-icon landscape'>\n\t\t\t\t<a data-elementor-open-lightbox=\"yes\" data-elementor-lightbox-slideshow=\"1d8bd86\" data-elementor-lightbox-title=\"DSC02593\" e-action-hash=\"#elementor-action%3Aaction%3Dlightbox%26settings%3DeyJpZCI6Njc2LCJ1cmwiOiJodHRwOlwvXC9wb2RiYXN6dGEuYml0czR1LnBsXC93cC1jb250ZW50XC91cGxvYWRzXC8yMDIyXC8xMVwvRFNDMDI1OTMuanBnIiwic2xpZGVzaG93IjoiMWQ4YmQ4NiJ9\" href='http:\/\/podbaszta.bits4u.pl\/wp-content\/uploads\/2022\/11\/DSC02593.jpg'><img width=\"525\" height=\"350\" src=\"http:\/\/podbaszta.bits4u.pl\/wp-content\/uploads\/2022\/11\/DSC02593-1024x683.jpg\" class=\"attachment-large size-large\" alt=\"\" decoding=\"async\" loading=\"lazy\" srcset=\"http:\/\/podbaszta.bits4u.pl\/wp-content\/uploads\/2022\/11\/DSC02593-1024x683.jpg 1024w, http:\/\/podbaszta.bits4u.pl\/wp-content\/uploads\/2022\/11\/DSC02593-300x200.jpg 300w, http:\/\/podbaszta.bits4u.pl\/wp-content\/uploads\/2022\/11\/DSC02593-768x512.jpg 768w\" sizes=\"100vw\" \/><\/a>\n\t\t\t<\/div><\/figure><figure class='gallery-item'>\n\t\t\t<div class='gallery-icon landscape'>\n\t\t\t\t<a data-elementor-open-lightbox=\"yes\" data-elementor-lightbox-slideshow=\"1d8bd86\" data-elementor-lightbox-title=\"305972631_844883070251894_5592378800907976952_n\" e-action-hash=\"#elementor-action%3Aaction%3Dlightbox%26settings%3DeyJpZCI6NzM5LCJ1cmwiOiJodHRwOlwvXC9wb2RiYXN6dGEuYml0czR1LnBsXC93cC1jb250ZW50XC91cGxvYWRzXC8yMDIyXC8xMVwvMzA1OTcyNjMxXzg0NDg4MzA3MDI1MTg5NF81NTkyMzc4ODAwOTA3OTc2OTUyX24uanBnIiwic2xpZGVzaG93IjoiMWQ4YmQ4NiJ9\" href='http:\/\/podbaszta.bits4u.pl\/wp-content\/uploads\/2022\/11\/305972631_844883070251894_5592378800907976952_n.jpg'><img width=\"525\" height=\"394\" src=\"http:\/\/podbaszta.bits4u.pl\/wp-content\/uploads\/2022\/11\/305972631_844883070251894_5592378800907976952_n-1024x768.jpg\" class=\"attachment-large size-large\" alt=\"\" decoding=\"async\" loading=\"lazy\" srcset=\"http:\/\/podbaszta.bits4u.pl\/wp-content\/uploads\/2022\/11\/305972631_844883070251894_5592378800907976952_n-1024x768.jpg 1024w, http:\/\/podbaszta.bits4u.pl\/wp-content\/uploads\/2022\/11\/305972631_844883070251894_5592378800907976952_n-300x225.jpg 300w, http:\/\/podbaszta.bits4u.pl\/wp-content\/uploads\/2022\/11\/305972631_844883070251894_5592378800907976952_n-768x576.jpg 768w, http:\/\/podbaszta.bits4u.pl\/wp-content\/uploads\/2022\/11\/305972631_844883070251894_5592378800907976952_n.jpg 2048w\" sizes=\"100vw\" \/><\/a>\n\t\t\t<\/div><\/figure><figure class='gallery-item'>\n\t\t\t<div class='gallery-icon landscape'>\n\t\t\t\t<a data-elementor-open-lightbox=\"yes\" data-elementor-lightbox-slideshow=\"1d8bd86\" data-elementor-lightbox-title=\"IMG_20180630_160116\" e-action-hash=\"#elementor-action%3Aaction%3Dlightbox%26settings%3DeyJpZCI6MjIyLCJ1cmwiOiJodHRwOlwvXC9wb2RiYXN6dGEuYml0czR1LnBsXC93cC1jb250ZW50XC91cGxvYWRzXC8yMDE5XC8wNlwvSU1HXzIwMTgwNjMwXzE2MDExNi5qcGciLCJzbGlkZXNob3ciOiIxZDhiZDg2In0%3D\" href='http:\/\/podbaszta.bits4u.pl\/wp-content\/uploads\/2019\/06\/IMG_20180630_160116.jpg'><img width=\"525\" height=\"394\" src=\"http:\/\/podbaszta.bits4u.pl\/wp-content\/uploads\/2019\/06\/IMG_20180630_160116-1024x768.jpg\" class=\"attachment-large size-large\" alt=\"\" decoding=\"async\" loading=\"lazy\" srcset=\"http:\/\/podbaszta.bits4u.pl\/wp-content\/uploads\/2019\/06\/IMG_20180630_160116-1024x768.jpg 1024w, http:\/\/podbaszta.bits4u.pl\/wp-content\/uploads\/2019\/06\/IMG_20180630_160116-300x225.jpg 300w, http:\/\/podbaszta.bits4u.pl\/wp-content\/uploads\/2019\/06\/IMG_20180630_160116-768x576.jpg 768w\" sizes=\"100vw\" \/><\/a>\n\t\t\t<\/div><\/figure><figure class='gallery-item'>\n\t\t\t<div class='gallery-icon landscape'>\n\t\t\t\t<a data-elementor-open-lightbox=\"yes\" data-elementor-lightbox-slideshow=\"1d8bd86\" data-elementor-lightbox-title=\"IMG-20220814-WA0033\" e-action-hash=\"#elementor-action%3Aaction%3Dlightbox%26settings%3DeyJpZCI6NzQ5LCJ1cmwiOiJodHRwOlwvXC9wb2RiYXN6dGEuYml0czR1LnBsXC93cC1jb250ZW50XC91cGxvYWRzXC8yMDIyXC8xMVwvSU1HLTIwMjIwODE0LVdBMDAzMy5qcGciLCJzbGlkZXNob3ciOiIxZDhiZDg2In0%3D\" href='http:\/\/podbaszta.bits4u.pl\/wp-content\/uploads\/2022\/11\/IMG-20220814-WA0033.jpg'><img width=\"525\" height=\"394\" src=\"http:\/\/podbaszta.bits4u.pl\/wp-content\/uploads\/2022\/11\/IMG-20220814-WA0033-1024x768.jpg\" class=\"attachment-large size-large\" alt=\"\" decoding=\"async\" loading=\"lazy\" srcset=\"http:\/\/podbaszta.bits4u.pl\/wp-content\/uploads\/2022\/11\/IMG-20220814-WA0033-1024x768.jpg 1024w, http:\/\/podbaszta.bits4u.pl\/wp-content\/uploads\/2022\/11\/IMG-20220814-WA0033-300x225.jpg 300w, http:\/\/podbaszta.bits4u.pl\/wp-content\/uploads\/2022\/11\/IMG-20220814-WA0033-768x576.jpg 768w, http:\/\/podbaszta.bits4u.pl\/wp-content\/uploads\/2022\/11\/IMG-20220814-WA0033.jpg 2048w\" sizes=\"100vw\" \/><\/a>\n\t\t\t<\/div><\/figure><figure class='gallery-item'>\n\t\t\t<div class='gallery-icon landscape'>\n\t\t\t\t<a data-elementor-open-lightbox=\"yes\" data-elementor-lightbox-slideshow=\"1d8bd86\" data-elementor-lightbox-title=\"IMG-20220814-WA0024\" e-action-hash=\"#elementor-action%3Aaction%3Dlightbox%26settings%3DeyJpZCI6NzMzLCJ1cmwiOiJodHRwOlwvXC9wb2RiYXN6dGEuYml0czR1LnBsXC93cC1jb250ZW50XC91cGxvYWRzXC8yMDIyXC8xMVwvSU1HLTIwMjIwODE0LVdBMDAyNC5qcGciLCJzbGlkZXNob3ciOiIxZDhiZDg2In0%3D\" href='http:\/\/podbaszta.bits4u.pl\/wp-content\/uploads\/2022\/11\/IMG-20220814-WA0024.jpg'><img width=\"525\" height=\"394\" src=\"http:\/\/podbaszta.bits4u.pl\/wp-content\/uploads\/2022\/11\/IMG-20220814-WA0024-1024x768.jpg\" class=\"attachment-large size-large\" alt=\"\" decoding=\"async\" loading=\"lazy\" srcset=\"http:\/\/podbaszta.bits4u.pl\/wp-content\/uploads\/2022\/11\/IMG-20220814-WA0024-1024x768.jpg 1024w, http:\/\/podbaszta.bits4u.pl\/wp-content\/uploads\/2022\/11\/IMG-20220814-WA0024-300x225.jpg 300w, http:\/\/podbaszta.bits4u.pl\/wp-content\/uploads\/2022\/11\/IMG-20220814-WA0024-768x576.jpg 768w, http:\/\/podbaszta.bits4u.pl\/wp-content\/uploads\/2022\/11\/IMG-20220814-WA0024.jpg 2048w\" sizes=\"100vw\" \/><\/a>\n\t\t\t<\/div><\/figure>\n\t\t<\/div>\n\t\t<\/div>\n\t\t\t\t<\/div>\n\t\t\t\t<\/div>\n\t\t\t\t\t\t<\/div>\n\t\t\t\t\t<\/div>\n\t\t<\/div>\n\t\t\t\t\t\t\t\t<\/div>\n\t\t\t\t\t<\/div>\n\t\t<\/section>\n\t\t\t\t\t\t\t\t\t<\/div>\n\t\t\t<\/div>\n\t\t\t\t\t<\/div>\n\t\t","protected":false},"excerpt":{"rendered":"<p>Na terenie o\u015brodka znajduje si\u0119 r\u00f3wnie\u017c k\u0105pielisko, kt\u00f3re ma urozmaici\u0107 czas wolny dla dzieci i m\u0142odzie\u017cy. Jest ono otoczone pomostem oraz linami k\u0105pieliskowymi, dzi\u0119ki czemu wydzielono strefy k\u0105pieli dla umiej\u0105cych p\u0142ywa\u0107 oraz stref\u0119 przeznaczon\u0105 dla dzieci \u2013 brodzik. Na terenie k\u0105pieliska zgodnie z przepisami wyznaczono miejsce dla ratownika wodnego. O\u015brodek posiada w\u0142asn\u0105 przysta\u0144 wodn\u0105. Mo\u017cna &hellip; <\/p>\n<p class=\"link-more\"><a href=\"http:\/\/podbaszta.bits4u.pl\/?page_id=317\" class=\"more-link\">Czytaj dalej<span class=\"screen-reader-text\"> K\u0104PIELISKO<\/span><\/a><\/p>\n","protected":false},"author":1,"featured_media":0,"parent":0,"menu_order":0,"comment_status":"closed","ping_status":"closed","template":"","meta":[],"_links":{"self":[{"href":"http:\/\/podbaszta.bits4u.pl\/index.php?rest_route=\/wp\/v2\/pages\/317"}],"collection":[{"href":"http:\/\/podbaszta.bits4u.pl\/index.php?rest_route=\/wp\/v2\/pages"}],"about":[{"href":"http:\/\/podbaszta.bits4u.pl\/index.php?rest_route=\/wp\/v2\/types\/page"}],"author":[{"embeddable":true,"href":"http:\/\/podbaszta.bits4u.pl\/index.php?rest_route=\/wp\/v2\/users\/1"}],"replies":[{"embeddable":true,"href":"http:\/\/podbaszta.bits4u.pl\/index.php?rest_route=%2Fwp%2Fv2%2Fcomments&post=317"}],"version-history":[{"count":69,"href":"http:\/\/podbaszta.bits4u.pl\/index.php?rest_route=\/wp\/v2\/pages\/317\/revisions"}],"predecessor-version":[{"id":894,"href":"http:\/\/podbaszta.bits4u.pl\/index.php?rest_route=\/wp\/v2\/pages\/317\/revisions\/894"}],"wp:attachment":[{"href":"http:\/\/podbaszta.bits4u.pl\/index.php?rest_route=%2Fwp%2Fv2%2Fmedia&parent=317"}],"curies":[{"name":"wp","href":"https:\/\/api.w.org\/{rel}","templated":true}]}}