{"id":405,"date":"2020-04-28T20:19:39","date_gmt":"2020-04-28T18:19:39","guid":{"rendered":"http:\/\/podbaszta.bits4u.pl\/?page_id=405"},"modified":"2025-07-08T23:32:30","modified_gmt":"2025-07-08T21:32:30","slug":"wyzywienie","status":"publish","type":"page","link":"http:\/\/podbaszta.bits4u.pl\/?page_id=405","title":{"rendered":"WY\u017bYWIENIE"},"content":{"rendered":"\t\t<div data-elementor-type=\"wp-post\" data-elementor-id=\"405\" class=\"elementor elementor-405\">\n\t\t\t\t\t\t<div class=\"elementor-inner\">\n\t\t\t\t<div class=\"elementor-section-wrap\">\n\t\t\t\t\t\t\t\t\t<section class=\"elementor-section elementor-top-section elementor-element elementor-element-aa96b12 elementor-section-stretched elementor-section-boxed elementor-section-height-default elementor-section-height-default\" data-id=\"aa96b12\" data-element_type=\"section\" data-settings=\"{&quot;stretch_section&quot;:&quot;section-stretched&quot;}\">\n\t\t\t\t\t\t<div class=\"elementor-container elementor-column-gap-default\">\n\t\t\t\t\t\t\t<div class=\"elementor-row\">\n\t\t\t\t\t<div class=\"elementor-column elementor-col-100 elementor-top-column elementor-element elementor-element-b86ad23\" data-id=\"b86ad23\" data-element_type=\"column\">\n\t\t\t<div class=\"elementor-column-wrap elementor-element-populated\">\n\t\t\t\t\t\t\t<div class=\"elementor-widget-wrap\">\n\t\t\t\t\t\t<div class=\"elementor-element elementor-element-d3a68f8 elementor-widget elementor-widget-text-editor\" data-id=\"d3a68f8\" data-element_type=\"widget\" data-widget_type=\"text-editor.default\">\n\t\t\t\t<div class=\"elementor-widget-container\">\n\t\t\t\t\t\t\t\t<div class=\"elementor-text-editor elementor-clearfix\">\n\t\t\t\t<h2><span style=\"color: #7a7a7a; font-size: 20px; text-align: center;\"><span style=\"display: inline !important; float: none; background-color: #ffffff; color: #7a7a7a; font-family: 'Roboto',Sans-serif; font-size: 20px; font-style: normal; font-variant: normal; font-weight: 400; letter-spacing: normal; orphans: 2; text-align: center; text-decoration: none; text-indent: 0px; text-transform: none; -webkit-text-stroke-width: 0px; white-space: normal; word-spacing: 0px;\">O\u015brodek Wypoczynkowy &#8222;Pod Baszt\u0105&#8221; zapewnia grupom dzieci i m\u0142odzie\u017cy skorzystanie z pe\u0142nego pakietu \u017cywieniowego (\u015bniadanie, obiad dwudaniowy, podwieczorek, kolacja). Nasza kuchnia oferuje bardzo dobre posi\u0142ki przez ca\u0142y dzie\u0144.<\/span><\/span><\/h2>\t\t\t\t\t<\/div>\n\t\t\t\t\t\t<\/div>\n\t\t\t\t<\/div>\n\t\t\t\t\t\t<\/div>\n\t\t\t\t\t<\/div>\n\t\t<\/div>\n\t\t\t\t\t\t\t\t<\/div>\n\t\t\t\t\t<\/div>\n\t\t<\/section>\n\t\t\t\t<section class=\"elementor-section elementor-top-section elementor-element elementor-element-d654339 elementor-section-stretched elementor-section-boxed elementor-section-height-default elementor-section-height-default\" data-id=\"d654339\" data-element_type=\"section\" data-settings=\"{&quot;stretch_section&quot;:&quot;section-stretched&quot;}\">\n\t\t\t\t\t\t<div class=\"elementor-container elementor-column-gap-default\">\n\t\t\t\t\t\t\t<div class=\"elementor-row\">\n\t\t\t\t\t<div class=\"elementor-column elementor-col-100 elementor-top-column elementor-element elementor-element-2fa6c90\" data-id=\"2fa6c90\" data-element_type=\"column\">\n\t\t\t<div class=\"elementor-column-wrap elementor-element-populated\">\n\t\t\t\t\t\t\t<div class=\"elementor-widget-wrap\">\n\t\t\t\t\t\t<div class=\"elementor-element elementor-element-d66d3e5 elementor-widget elementor-widget-image-gallery\" data-id=\"d66d3e5\" data-element_type=\"widget\" data-widget_type=\"image-gallery.default\">\n\t\t\t\t<div class=\"elementor-widget-container\">\n\t\t\t\t\t<div class=\"elementor-image-gallery\">\n\t\t\t<div id='gallery-1' class='gallery galleryid-405 gallery-columns-4 gallery-size-medium'><figure class='gallery-item'>\n\t\t\t<div class='gallery-icon landscape'>\n\t\t\t\t<a data-elementor-open-lightbox=\"yes\" data-elementor-lightbox-slideshow=\"d66d3e5\" data-elementor-lightbox-title=\"00076YPFG7NPKQYP-C122-F4\" e-action-hash=\"#elementor-action%3Aaction%3Dlightbox%26settings%3DeyJpZCI6NDM0LCJ1cmwiOiJodHRwOlwvXC9wb2RiYXN6dGEuYml0czR1LnBsXC93cC1jb250ZW50XC91cGxvYWRzXC8yMDIwXC8wNFwvMDAwNzZZUEZHN05QS1FZUC1DMTIyLUY0LmpwZyIsInNsaWRlc2hvdyI6ImQ2NmQzZTUifQ%3D%3D\" href='http:\/\/podbaszta.bits4u.pl\/wp-content\/uploads\/2020\/04\/00076YPFG7NPKQYP-C122-F4.jpg'><img width=\"300\" height=\"229\" src=\"http:\/\/podbaszta.bits4u.pl\/wp-content\/uploads\/2020\/04\/00076YPFG7NPKQYP-C122-F4-300x229.jpg\" class=\"attachment-medium size-medium\" alt=\"\" decoding=\"async\" loading=\"lazy\" srcset=\"http:\/\/podbaszta.bits4u.pl\/wp-content\/uploads\/2020\/04\/00076YPFG7NPKQYP-C122-F4-300x229.jpg 300w, http:\/\/podbaszta.bits4u.pl\/wp-content\/uploads\/2020\/04\/00076YPFG7NPKQYP-C122-F4-768x586.jpg 768w, http:\/\/podbaszta.bits4u.pl\/wp-content\/uploads\/2020\/04\/00076YPFG7NPKQYP-C122-F4.jpg 815w\" sizes=\"100vw\" \/><\/a>\n\t\t\t<\/div><\/figure><figure class='gallery-item'>\n\t\t\t<div class='gallery-icon landscape'>\n\t\t\t\t<a data-elementor-open-lightbox=\"yes\" data-elementor-lightbox-slideshow=\"d66d3e5\" data-elementor-lightbox-title=\"dieta-jaki-nabial-jest-najlepszy\" e-action-hash=\"#elementor-action%3Aaction%3Dlightbox%26settings%3DeyJpZCI6NDM1LCJ1cmwiOiJodHRwOlwvXC9wb2RiYXN6dGEuYml0czR1LnBsXC93cC1jb250ZW50XC91cGxvYWRzXC8yMDIwXC8wNFwvZGlldGEtamFraS1uYWJpYWwtamVzdC1uYWpsZXBzenkuanBnIiwic2xpZGVzaG93IjoiZDY2ZDNlNSJ9\" href='http:\/\/podbaszta.bits4u.pl\/wp-content\/uploads\/2020\/04\/dieta-jaki-nabial-jest-najlepszy.jpg'><img width=\"300\" height=\"225\" src=\"http:\/\/podbaszta.bits4u.pl\/wp-content\/uploads\/2020\/04\/dieta-jaki-nabial-jest-najlepszy-300x225.jpg\" class=\"attachment-medium size-medium\" alt=\"\" decoding=\"async\" loading=\"lazy\" srcset=\"http:\/\/podbaszta.bits4u.pl\/wp-content\/uploads\/2020\/04\/dieta-jaki-nabial-jest-najlepszy-300x225.jpg 300w, http:\/\/podbaszta.bits4u.pl\/wp-content\/uploads\/2020\/04\/dieta-jaki-nabial-jest-najlepszy.jpg 640w\" sizes=\"100vw\" \/><\/a>\n\t\t\t<\/div><\/figure><figure class='gallery-item'>\n\t\t\t<div class='gallery-icon landscape'>\n\t\t\t\t<a data-elementor-open-lightbox=\"yes\" data-elementor-lightbox-slideshow=\"d66d3e5\" data-elementor-lightbox-title=\"pobrane\" e-action-hash=\"#elementor-action%3Aaction%3Dlightbox%26settings%3DeyJpZCI6NDM2LCJ1cmwiOiJodHRwOlwvXC9wb2RiYXN6dGEuYml0czR1LnBsXC93cC1jb250ZW50XC91cGxvYWRzXC8yMDIwXC8wNFwvcG9icmFuZS5qcGciLCJzbGlkZXNob3ciOiJkNjZkM2U1In0%3D\" href='http:\/\/podbaszta.bits4u.pl\/wp-content\/uploads\/2020\/04\/pobrane.jpg'><img width=\"259\" height=\"194\" src=\"http:\/\/podbaszta.bits4u.pl\/wp-content\/uploads\/2020\/04\/pobrane.jpg\" class=\"attachment-medium size-medium\" alt=\"\" decoding=\"async\" loading=\"lazy\" sizes=\"100vw\" \/><\/a>\n\t\t\t<\/div><\/figure><figure class='gallery-item'>\n\t\t\t<div class='gallery-icon landscape'>\n\t\t\t\t<a data-elementor-open-lightbox=\"yes\" data-elementor-lightbox-slideshow=\"d66d3e5\" data-elementor-lightbox-title=\"unnamed\" e-action-hash=\"#elementor-action%3Aaction%3Dlightbox%26settings%3DeyJpZCI6NDM3LCJ1cmwiOiJodHRwOlwvXC9wb2RiYXN6dGEuYml0czR1LnBsXC93cC1jb250ZW50XC91cGxvYWRzXC8yMDIwXC8wNFwvdW5uYW1lZC5qcGciLCJzbGlkZXNob3ciOiJkNjZkM2U1In0%3D\" href='http:\/\/podbaszta.bits4u.pl\/wp-content\/uploads\/2020\/04\/unnamed.jpg'><img width=\"300\" height=\"225\" src=\"http:\/\/podbaszta.bits4u.pl\/wp-content\/uploads\/2020\/04\/unnamed-300x225.jpg\" class=\"attachment-medium size-medium\" alt=\"\" decoding=\"async\" loading=\"lazy\" srcset=\"http:\/\/podbaszta.bits4u.pl\/wp-content\/uploads\/2020\/04\/unnamed-300x225.jpg 300w, http:\/\/podbaszta.bits4u.pl\/wp-content\/uploads\/2020\/04\/unnamed.jpg 512w\" sizes=\"100vw\" \/><\/a>\n\t\t\t<\/div><\/figure>\n\t\t<\/div>\n\t\t<\/div>\n\t\t\t\t<\/div>\n\t\t\t\t<\/div>\n\t\t\t\t\t\t<\/div>\n\t\t\t\t\t<\/div>\n\t\t<\/div>\n\t\t\t\t\t\t\t\t<\/div>\n\t\t\t\t\t<\/div>\n\t\t<\/section>\n\t\t\t\t\t\t\t\t\t<\/div>\n\t\t\t<\/div>\n\t\t\t\t\t<\/div>\n\t\t","protected":false},"excerpt":{"rendered":"<p>O\u015brodek Wypoczynkowy &#8222;Pod Baszt\u0105&#8221; zapewnia grupom dzieci i m\u0142odzie\u017cy skorzystanie z pe\u0142nego pakietu \u017cywieniowego (\u015bniadanie, obiad dwudaniowy, podwieczorek, kolacja). Nasza kuchnia oferuje bardzo dobre posi\u0142ki przez ca\u0142y dzie\u0144.<\/p>\n","protected":false},"author":1,"featured_media":0,"parent":0,"menu_order":0,"comment_status":"closed","ping_status":"closed","template":"","meta":[],"_links":{"self":[{"href":"http:\/\/podbaszta.bits4u.pl\/index.php?rest_route=\/wp\/v2\/pages\/405"}],"collection":[{"href":"http:\/\/podbaszta.bits4u.pl\/index.php?rest_route=\/wp\/v2\/pages"}],"about":[{"href":"http:\/\/podbaszta.bits4u.pl\/index.php?rest_route=\/wp\/v2\/types\/page"}],"author":[{"embeddable":true,"href":"http:\/\/podbaszta.bits4u.pl\/index.php?rest_route=\/wp\/v2\/users\/1"}],"replies":[{"embeddable":true,"href":"http:\/\/podbaszta.bits4u.pl\/index.php?rest_route=%2Fwp%2Fv2%2Fcomments&post=405"}],"version-history":[{"count":14,"href":"http:\/\/podbaszta.bits4u.pl\/index.php?rest_route=\/wp\/v2\/pages\/405\/revisions"}],"predecessor-version":[{"id":900,"href":"http:\/\/podbaszta.bits4u.pl\/index.php?rest_route=\/wp\/v2\/pages\/405\/revisions\/900"}],"wp:attachment":[{"href":"http:\/\/podbaszta.bits4u.pl\/index.php?rest_route=%2Fwp%2Fv2%2Fmedia&parent=405"}],"curies":[{"name":"wp","href":"https:\/\/api.w.org\/{rel}","templated":true}]}}