{"id":376,"date":"2020-04-18T10:19:27","date_gmt":"2020-04-18T08:19:27","guid":{"rendered":"http:\/\/podbaszta.bits4u.pl\/?page_id=376"},"modified":"2025-07-08T23:23:20","modified_gmt":"2025-07-08T21:23:20","slug":"domki-letniskowe","status":"publish","type":"page","link":"https:\/\/podbaszta.bits4u.pl\/?page_id=376","title":{"rendered":"DOMKI CAMPINGOWE"},"content":{"rendered":"\t\t<div data-elementor-type=\"wp-post\" data-elementor-id=\"376\" class=\"elementor elementor-376\">\n\t\t\t\t\t\t<div class=\"elementor-inner\">\n\t\t\t\t<div class=\"elementor-section-wrap\">\n\t\t\t\t\t\t\t\t\t<section class=\"elementor-section elementor-top-section elementor-element elementor-element-240754f elementor-section-stretched elementor-section-boxed elementor-section-height-default elementor-section-height-default\" data-id=\"240754f\" data-element_type=\"section\" data-settings=\"{&quot;stretch_section&quot;:&quot;section-stretched&quot;}\">\n\t\t\t\t\t\t<div class=\"elementor-container elementor-column-gap-default\">\n\t\t\t\t\t\t\t<div class=\"elementor-row\">\n\t\t\t\t\t<div class=\"elementor-column elementor-col-100 elementor-top-column elementor-element elementor-element-2c89ab0\" data-id=\"2c89ab0\" data-element_type=\"column\">\n\t\t\t<div class=\"elementor-column-wrap elementor-element-populated\">\n\t\t\t\t\t\t\t<div class=\"elementor-widget-wrap\">\n\t\t\t\t\t\t<div class=\"elementor-element elementor-element-f49f931 elementor-widget elementor-widget-text-editor\" data-id=\"f49f931\" data-element_type=\"widget\" data-widget_type=\"text-editor.default\">\n\t\t\t\t<div class=\"elementor-widget-container\">\n\t\t\t\t\t\t\t\t<div class=\"elementor-text-editor elementor-clearfix\">\n\t\t\t\t<p><span style=\"display: inline !important; float: none; background-color: #ffffff; color: #7a7a7a; font-family: 'Roboto',Sans-serif; font-size: 20px; font-style: normal; font-variant: normal; font-weight: 400; letter-spacing: normal; orphans: 2; text-align: center; text-decoration: none; text-indent: 0px; text-transform: none; -webkit-text-stroke-width: 0px; white-space: normal; word-spacing: 0px;\">Nasz o\u015brodek m\u0142odzie\u017cowy dysponuje r\u00f3wnie\u017c niewielkimi dwuosobowymi domkami kempingowymi. Obiekty te posiadaj\u0105 2 \u0142\u00f3\u017cka jednoosobowe, szaf\u0119, szafeczk\u0119, lod\u00f3wk\u0119 i umywalk\u0119 z dost\u0119pn\u0105 ciep\u0142\u0105 i zimn\u0105 wod\u0105. Toaleta i prysznic znajduj\u0105 si\u0119 w budynku g\u0142\u00f3wnym o\u015brodka i s\u0105 og\u00f3lnodost\u0119pne. Skromne warunki s\u0105 rekompensowane przez prywatno\u015b\u0107, spok\u00f3j oraz blisko\u015b\u0107 do jeziora.<\/span><\/p>\t\t\t\t\t<\/div>\n\t\t\t\t\t\t<\/div>\n\t\t\t\t<\/div>\n\t\t\t\t\t\t<\/div>\n\t\t\t\t\t<\/div>\n\t\t<\/div>\n\t\t\t\t\t\t\t\t<\/div>\n\t\t\t\t\t<\/div>\n\t\t<\/section>\n\t\t\t\t<section class=\"elementor-section elementor-top-section elementor-element elementor-element-4b5af0a elementor-section-stretched elementor-section-boxed elementor-section-height-default elementor-section-height-default\" data-id=\"4b5af0a\" data-element_type=\"section\" data-settings=\"{&quot;stretch_section&quot;:&quot;section-stretched&quot;}\">\n\t\t\t\t\t\t<div class=\"elementor-container elementor-column-gap-default\">\n\t\t\t\t\t\t\t<div class=\"elementor-row\">\n\t\t\t\t\t<div class=\"elementor-column elementor-col-100 elementor-top-column elementor-element elementor-element-7a32f09\" data-id=\"7a32f09\" data-element_type=\"column\">\n\t\t\t<div class=\"elementor-column-wrap elementor-element-populated\">\n\t\t\t\t\t\t\t<div class=\"elementor-widget-wrap\">\n\t\t\t\t\t\t<div class=\"elementor-element elementor-element-f866cd9 elementor-widget elementor-widget-image-gallery\" data-id=\"f866cd9\" data-element_type=\"widget\" data-widget_type=\"image-gallery.default\">\n\t\t\t\t<div class=\"elementor-widget-container\">\n\t\t\t\t\t<div class=\"elementor-image-gallery\">\n\t\t\t<div id='gallery-1' class='gallery galleryid-376 gallery-columns-6 gallery-size-thumbnail'><figure class='gallery-item'>\n\t\t\t<div class='gallery-icon landscape'>\n\t\t\t\t<a data-elementor-open-lightbox=\"yes\" data-elementor-lightbox-slideshow=\"f866cd9\" data-elementor-lightbox-title=\"DSC03753\" e-action-hash=\"#elementor-action%3Aaction%3Dlightbox%26settings%3DeyJpZCI6NzA4LCJ1cmwiOiJodHRwczpcL1wvcG9kYmFzenRhLmJpdHM0dS5wbFwvd3AtY29udGVudFwvdXBsb2Fkc1wvMjAyMlwvMTFcL0RTQzAzNzUzLmpwZyIsInNsaWRlc2hvdyI6ImY4NjZjZDkifQ%3D%3D\" href='https:\/\/podbaszta.bits4u.pl\/wp-content\/uploads\/2022\/11\/DSC03753.jpg'><img width=\"150\" height=\"150\" src=\"https:\/\/podbaszta.bits4u.pl\/wp-content\/uploads\/2022\/11\/DSC03753-150x150.jpg\" class=\"attachment-thumbnail size-thumbnail\" alt=\"\" decoding=\"async\" loading=\"lazy\" srcset=\"https:\/\/podbaszta.bits4u.pl\/wp-content\/uploads\/2022\/11\/DSC03753-150x150.jpg 150w, https:\/\/podbaszta.bits4u.pl\/wp-content\/uploads\/2022\/11\/DSC03753-100x100.jpg 100w\" sizes=\"100vw\" \/><\/a>\n\t\t\t<\/div><\/figure><figure class='gallery-item'>\n\t\t\t<div class='gallery-icon landscape'>\n\t\t\t\t<a data-elementor-open-lightbox=\"yes\" data-elementor-lightbox-slideshow=\"f866cd9\" data-elementor-lightbox-title=\"DSC_0359\" e-action-hash=\"#elementor-action%3Aaction%3Dlightbox%26settings%3DeyJpZCI6MTYwLCJ1cmwiOiJodHRwczpcL1wvcG9kYmFzenRhLmJpdHM0dS5wbFwvd3AtY29udGVudFwvdXBsb2Fkc1wvMjAxOVwvMDZcL0RTQ18wMzU5LmpwZyIsInNsaWRlc2hvdyI6ImY4NjZjZDkifQ%3D%3D\" href='https:\/\/podbaszta.bits4u.pl\/wp-content\/uploads\/2019\/06\/DSC_0359.jpg'><img width=\"150\" height=\"150\" src=\"https:\/\/podbaszta.bits4u.pl\/wp-content\/uploads\/2019\/06\/DSC_0359-150x150.jpg\" class=\"attachment-thumbnail size-thumbnail\" alt=\"\" decoding=\"async\" loading=\"lazy\" sizes=\"100vw\" \/><\/a>\n\t\t\t<\/div><\/figure><figure class='gallery-item'>\n\t\t\t<div class='gallery-icon landscape'>\n\t\t\t\t<a data-elementor-open-lightbox=\"yes\" data-elementor-lightbox-slideshow=\"f866cd9\" data-elementor-lightbox-title=\"DSC_0354\" e-action-hash=\"#elementor-action%3Aaction%3Dlightbox%26settings%3DeyJpZCI6MTU5LCJ1cmwiOiJodHRwczpcL1wvcG9kYmFzenRhLmJpdHM0dS5wbFwvd3AtY29udGVudFwvdXBsb2Fkc1wvMjAxOVwvMDZcL0RTQ18wMzU0LmpwZyIsInNsaWRlc2hvdyI6ImY4NjZjZDkifQ%3D%3D\" href='https:\/\/podbaszta.bits4u.pl\/wp-content\/uploads\/2019\/06\/DSC_0354.jpg'><img width=\"150\" height=\"150\" src=\"https:\/\/podbaszta.bits4u.pl\/wp-content\/uploads\/2019\/06\/DSC_0354-150x150.jpg\" class=\"attachment-thumbnail size-thumbnail\" alt=\"\" decoding=\"async\" loading=\"lazy\" sizes=\"100vw\" \/><\/a>\n\t\t\t<\/div><\/figure><figure class='gallery-item'>\n\t\t\t<div class='gallery-icon landscape'>\n\t\t\t\t<a data-elementor-open-lightbox=\"yes\" data-elementor-lightbox-slideshow=\"f866cd9\" data-elementor-lightbox-title=\"DSC_0300\" e-action-hash=\"#elementor-action%3Aaction%3Dlightbox%26settings%3DeyJpZCI6MTg2LCJ1cmwiOiJodHRwczpcL1wvcG9kYmFzenRhLmJpdHM0dS5wbFwvd3AtY29udGVudFwvdXBsb2Fkc1wvMjAxOVwvMDZcL0RTQ18wMzAwLmpwZyIsInNsaWRlc2hvdyI6ImY4NjZjZDkifQ%3D%3D\" href='https:\/\/podbaszta.bits4u.pl\/wp-content\/uploads\/2019\/06\/DSC_0300.jpg'><img width=\"150\" height=\"150\" src=\"https:\/\/podbaszta.bits4u.pl\/wp-content\/uploads\/2019\/06\/DSC_0300-150x150.jpg\" class=\"attachment-thumbnail size-thumbnail\" alt=\"\" decoding=\"async\" loading=\"lazy\" sizes=\"100vw\" \/><\/a>\n\t\t\t<\/div><\/figure><figure class='gallery-item'>\n\t\t\t<div class='gallery-icon landscape'>\n\t\t\t\t<a data-elementor-open-lightbox=\"yes\" data-elementor-lightbox-slideshow=\"f866cd9\" data-elementor-lightbox-title=\"DSC_0374\" e-action-hash=\"#elementor-action%3Aaction%3Dlightbox%26settings%3DeyJpZCI6MTY2LCJ1cmwiOiJodHRwczpcL1wvcG9kYmFzenRhLmJpdHM0dS5wbFwvd3AtY29udGVudFwvdXBsb2Fkc1wvMjAxOVwvMDZcL0RTQ18wMzc0LmpwZyIsInNsaWRlc2hvdyI6ImY4NjZjZDkifQ%3D%3D\" href='https:\/\/podbaszta.bits4u.pl\/wp-content\/uploads\/2019\/06\/DSC_0374.jpg'><img width=\"150\" height=\"150\" src=\"https:\/\/podbaszta.bits4u.pl\/wp-content\/uploads\/2019\/06\/DSC_0374-150x150.jpg\" class=\"attachment-thumbnail size-thumbnail\" alt=\"\" decoding=\"async\" loading=\"lazy\" sizes=\"100vw\" \/><\/a>\n\t\t\t<\/div><\/figure><figure class='gallery-item'>\n\t\t\t<div class='gallery-icon portrait'>\n\t\t\t\t<a data-elementor-open-lightbox=\"yes\" data-elementor-lightbox-slideshow=\"f866cd9\" data-elementor-lightbox-title=\"DSC_0372\" e-action-hash=\"#elementor-action%3Aaction%3Dlightbox%26settings%3DeyJpZCI6MTY1LCJ1cmwiOiJodHRwczpcL1wvcG9kYmFzenRhLmJpdHM0dS5wbFwvd3AtY29udGVudFwvdXBsb2Fkc1wvMjAxOVwvMDZcL0RTQ18wMzcyLmpwZyIsInNsaWRlc2hvdyI6ImY4NjZjZDkifQ%3D%3D\" href='https:\/\/podbaszta.bits4u.pl\/wp-content\/uploads\/2019\/06\/DSC_0372.jpg'><img width=\"150\" height=\"150\" src=\"https:\/\/podbaszta.bits4u.pl\/wp-content\/uploads\/2019\/06\/DSC_0372-150x150.jpg\" class=\"attachment-thumbnail size-thumbnail\" alt=\"\" decoding=\"async\" loading=\"lazy\" sizes=\"100vw\" \/><\/a>\n\t\t\t<\/div><\/figure>\n\t\t<\/div>\n\t\t<\/div>\n\t\t\t\t<\/div>\n\t\t\t\t<\/div>\n\t\t\t\t\t\t<\/div>\n\t\t\t\t\t<\/div>\n\t\t<\/div>\n\t\t\t\t\t\t\t\t<\/div>\n\t\t\t\t\t<\/div>\n\t\t<\/section>\n\t\t\t\t\t\t\t\t\t<\/div>\n\t\t\t<\/div>\n\t\t\t\t\t<\/div>\n\t\t","protected":false},"excerpt":{"rendered":"<p>Nasz o\u015brodek m\u0142odzie\u017cowy dysponuje r\u00f3wnie\u017c niewielkimi dwuosobowymi domkami kempingowymi. Obiekty te posiadaj\u0105 2 \u0142\u00f3\u017cka jednoosobowe, szaf\u0119, szafeczk\u0119, lod\u00f3wk\u0119 i umywalk\u0119 z dost\u0119pn\u0105 ciep\u0142\u0105 i zimn\u0105 wod\u0105. Toaleta i prysznic znajduj\u0105 si\u0119 w budynku g\u0142\u00f3wnym o\u015brodka i s\u0105 og\u00f3lnodost\u0119pne. Skromne warunki s\u0105 rekompensowane przez prywatno\u015b\u0107, spok\u00f3j oraz blisko\u015b\u0107 do jeziora.<\/p>\n","protected":false},"author":1,"featured_media":0,"parent":0,"menu_order":0,"comment_status":"closed","ping_status":"closed","template":"","meta":[],"_links":{"self":[{"href":"https:\/\/podbaszta.bits4u.pl\/index.php?rest_route=\/wp\/v2\/pages\/376"}],"collection":[{"href":"https:\/\/podbaszta.bits4u.pl\/index.php?rest_route=\/wp\/v2\/pages"}],"about":[{"href":"https:\/\/podbaszta.bits4u.pl\/index.php?rest_route=\/wp\/v2\/types\/page"}],"author":[{"embeddable":true,"href":"https:\/\/podbaszta.bits4u.pl\/index.php?rest_route=\/wp\/v2\/users\/1"}],"replies":[{"embeddable":true,"href":"https:\/\/podbaszta.bits4u.pl\/index.php?rest_route=%2Fwp%2Fv2%2Fcomments&post=376"}],"version-history":[{"count":15,"href":"https:\/\/podbaszta.bits4u.pl\/index.php?rest_route=\/wp\/v2\/pages\/376\/revisions"}],"predecessor-version":[{"id":888,"href":"https:\/\/podbaszta.bits4u.pl\/index.php?rest_route=\/wp\/v2\/pages\/376\/revisions\/888"}],"wp:attachment":[{"href":"https:\/\/podbaszta.bits4u.pl\/index.php?rest_route=%2Fwp%2Fv2%2Fmedia&parent=376"}],"curies":[{"name":"wp","href":"https:\/\/api.w.org\/{rel}","templated":true}]}}