{"id":399,"date":"2020-04-28T20:18:41","date_gmt":"2020-04-28T18:18:41","guid":{"rendered":"http:\/\/podbaszta.bits4u.pl\/?page_id=399"},"modified":"2025-07-08T23:24:37","modified_gmt":"2025-07-08T21:24:37","slug":"zakopianki","status":"publish","type":"page","link":"https:\/\/podbaszta.bits4u.pl\/?page_id=399","title":{"rendered":"DOMKI G\u00d3RALSKIE TYPU BRDA"},"content":{"rendered":"\t\t<div data-elementor-type=\"wp-post\" data-elementor-id=\"399\" class=\"elementor elementor-399\">\n\t\t\t\t\t\t<div class=\"elementor-inner\">\n\t\t\t\t<div class=\"elementor-section-wrap\">\n\t\t\t\t\t\t\t\t\t<section class=\"elementor-section elementor-top-section elementor-element elementor-element-6b00b14 elementor-section-stretched elementor-section-boxed elementor-section-height-default elementor-section-height-default\" data-id=\"6b00b14\" data-element_type=\"section\" data-settings=\"{&quot;stretch_section&quot;:&quot;section-stretched&quot;}\">\n\t\t\t\t\t\t<div class=\"elementor-container elementor-column-gap-default\">\n\t\t\t\t\t\t\t<div class=\"elementor-row\">\n\t\t\t\t\t<div class=\"elementor-column elementor-col-100 elementor-top-column elementor-element elementor-element-7a34e7f\" data-id=\"7a34e7f\" data-element_type=\"column\">\n\t\t\t<div class=\"elementor-column-wrap elementor-element-populated\">\n\t\t\t\t\t\t\t<div class=\"elementor-widget-wrap\">\n\t\t\t\t\t\t<div class=\"elementor-element elementor-element-9e2ef0c elementor-widget elementor-widget-text-editor\" data-id=\"9e2ef0c\" data-element_type=\"widget\" data-widget_type=\"text-editor.default\">\n\t\t\t\t<div class=\"elementor-widget-container\">\n\t\t\t\t\t\t\t\t<div class=\"elementor-text-editor elementor-clearfix\">\n\t\t\t\t<p><span style=\"display: inline !important; float: none; background-color: #ffffff; color: #7a7a7a; font-family: 'Roboto',Sans-serif; font-size: 20px; font-style: normal; font-variant: normal; font-weight: 400; letter-spacing: normal; orphans: 2; text-align: center; text-decoration: none; text-indent: 0px; text-transform: none; -webkit-text-stroke-width: 0px; white-space: normal; word-spacing: 0px;\">Ka\u017cdy z tych obiekt\u00f3w sk\u0142ada si\u0119 z 3 pokoi umiejscowionych na parterze i 3 pokoi na pierwszym pi\u0119trze. S\u0105 one 2, 3, a nawet 4 osobowe. Ka\u017cdy z pokoi posiada w\u0142asn\u0105 toalet\u0119 i umywalk\u0119 z ciep\u0142\u0105 i zimn\u0105 wod\u0105, a te kt\u00f3re s\u0105 po\u0142o\u017cone na parterze posiadaj\u0105 r\u00f3wnie\u017c \u0142azienk\u0119. Domek ten posiada r\u00f3wnie\u017c na parterze \u0142azienk\u0119 og\u00f3lnodost\u0119pn\u0105 dla wszystkich domownik\u00f3w i lod\u00f3wk\u0119. Najwi\u0119ksze pokoje posiadaj\u0105 r\u00f3wnie\u017c balkony z widokiem na flor\u0119 le\u015bn\u0105. Drewniana konstrukcja idealnie izoluje ciep\u0142o w okresie letnim, dzi\u0119ki czemu a\u017c mi\u0142o m\u0142odzie\u017c wypoczywa w upalnym czasie. Wok\u00f3\u0142 domk\u00f3w znajduj\u0105 si\u0119 \u0142awki i sto\u0142y, co pozwala na komfortowe spo\u017cycie posi\u0142ku i dyskusje.<\/span><\/p>\t\t\t\t\t<\/div>\n\t\t\t\t\t\t<\/div>\n\t\t\t\t<\/div>\n\t\t\t\t\t\t<\/div>\n\t\t\t\t\t<\/div>\n\t\t<\/div>\n\t\t\t\t\t\t\t\t<\/div>\n\t\t\t\t\t<\/div>\n\t\t<\/section>\n\t\t\t\t<section class=\"elementor-section elementor-top-section elementor-element elementor-element-5f86d90 elementor-section-stretched elementor-section-boxed elementor-section-height-default elementor-section-height-default\" data-id=\"5f86d90\" data-element_type=\"section\" data-settings=\"{&quot;stretch_section&quot;:&quot;section-stretched&quot;}\">\n\t\t\t\t\t\t<div class=\"elementor-container elementor-column-gap-default\">\n\t\t\t\t\t\t\t<div class=\"elementor-row\">\n\t\t\t\t\t<div class=\"elementor-column elementor-col-100 elementor-top-column elementor-element elementor-element-c5aa536\" data-id=\"c5aa536\" data-element_type=\"column\">\n\t\t\t<div class=\"elementor-column-wrap elementor-element-populated\">\n\t\t\t\t\t\t\t<div class=\"elementor-widget-wrap\">\n\t\t\t\t\t\t<div class=\"elementor-element elementor-element-3a55f94 elementor-widget elementor-widget-image-gallery\" data-id=\"3a55f94\" data-element_type=\"widget\" data-widget_type=\"image-gallery.default\">\n\t\t\t\t<div class=\"elementor-widget-container\">\n\t\t\t\t\t<div class=\"elementor-image-gallery\">\n\t\t\t<div id='gallery-1' class='gallery galleryid-399 gallery-columns-4 gallery-size-twentyseventeen-featured-image'><figure class='gallery-item'>\n\t\t\t<div class='gallery-icon landscape'>\n\t\t\t\t<a data-elementor-open-lightbox=\"yes\" data-elementor-lightbox-slideshow=\"3a55f94\" data-elementor-lightbox-title=\"DSC03714\" e-action-hash=\"#elementor-action%3Aaction%3Dlightbox%26settings%3DeyJpZCI6NzA0LCJ1cmwiOiJodHRwczpcL1wvcG9kYmFzenRhLmJpdHM0dS5wbFwvd3AtY29udGVudFwvdXBsb2Fkc1wvMjAyMlwvMTFcL0RTQzAzNzE0LmpwZyIsInNsaWRlc2hvdyI6IjNhNTVmOTQifQ%3D%3D\" href='https:\/\/podbaszta.bits4u.pl\/wp-content\/uploads\/2022\/11\/DSC03714.jpg'><img width=\"2000\" height=\"1200\" src=\"https:\/\/podbaszta.bits4u.pl\/wp-content\/uploads\/2022\/11\/DSC03714-2000x1200.jpg\" class=\"attachment-twentyseventeen-featured-image size-twentyseventeen-featured-image\" alt=\"\" decoding=\"async\" loading=\"lazy\" sizes=\"100vw\" \/><\/a>\n\t\t\t<\/div><\/figure><figure class='gallery-item'>\n\t\t\t<div class='gallery-icon landscape'>\n\t\t\t\t<a data-elementor-open-lightbox=\"yes\" data-elementor-lightbox-slideshow=\"3a55f94\" data-elementor-lightbox-title=\"smart\" e-action-hash=\"#elementor-action%3Aaction%3Dlightbox%26settings%3DeyJpZCI6NTQ5LCJ1cmwiOiJodHRwczpcL1wvcG9kYmFzenRhLmJpdHM0dS5wbFwvd3AtY29udGVudFwvdXBsb2Fkc1wvMjAyMFwvMDhcL0lNR18yMDIwMDcyNV8xNTU1MjYtZTE2Njc0MTcyODY3MTkuanBnIiwic2xpZGVzaG93IjoiM2E1NWY5NCJ9\" href='https:\/\/podbaszta.bits4u.pl\/wp-content\/uploads\/2020\/08\/IMG_20200725_155526-e1667417286719.jpg'><img width=\"2000\" height=\"1200\" src=\"https:\/\/podbaszta.bits4u.pl\/wp-content\/uploads\/2020\/08\/IMG_20200725_155526-2000x1200.jpg\" class=\"attachment-twentyseventeen-featured-image size-twentyseventeen-featured-image\" alt=\"\" decoding=\"async\" loading=\"lazy\" aria-describedby=\"gallery-1-549\" sizes=\"100vw\" \/><\/a>\n\t\t\t<\/div>\n\t\t\t\t<figcaption class='wp-caption-text gallery-caption' id='gallery-1-549'>\n\t\t\t\tsmart\n\t\t\t\t<\/figcaption><\/figure><figure class='gallery-item'>\n\t\t\t<div class='gallery-icon landscape'>\n\t\t\t\t<a data-elementor-open-lightbox=\"yes\" data-elementor-lightbox-slideshow=\"3a55f94\" data-elementor-lightbox-title=\"smart\" e-action-hash=\"#elementor-action%3Aaction%3Dlightbox%26settings%3DeyJpZCI6NTQ3LCJ1cmwiOiJodHRwczpcL1wvcG9kYmFzenRhLmJpdHM0dS5wbFwvd3AtY29udGVudFwvdXBsb2Fkc1wvMjAyMFwvMDhcL0lNR18yMDIwMDcyNV8xNTUzNTQuanBnIiwic2xpZGVzaG93IjoiM2E1NWY5NCJ9\" href='https:\/\/podbaszta.bits4u.pl\/wp-content\/uploads\/2020\/08\/IMG_20200725_155354.jpg'><img width=\"2000\" height=\"1200\" src=\"https:\/\/podbaszta.bits4u.pl\/wp-content\/uploads\/2020\/08\/IMG_20200725_155354-2000x1200.jpg\" class=\"attachment-twentyseventeen-featured-image size-twentyseventeen-featured-image\" alt=\"\" decoding=\"async\" loading=\"lazy\" aria-describedby=\"gallery-1-547\" sizes=\"100vw\" \/><\/a>\n\t\t\t<\/div>\n\t\t\t\t<figcaption class='wp-caption-text gallery-caption' id='gallery-1-547'>\n\t\t\t\tsmart\n\t\t\t\t<\/figcaption><\/figure><figure class='gallery-item'>\n\t\t\t<div class='gallery-icon portrait'>\n\t\t\t\t<a data-elementor-open-lightbox=\"yes\" data-elementor-lightbox-slideshow=\"3a55f94\" data-elementor-lightbox-title=\"smart\" e-action-hash=\"#elementor-action%3Aaction%3Dlightbox%26settings%3DeyJpZCI6NTUyLCJ1cmwiOiJodHRwczpcL1wvcG9kYmFzenRhLmJpdHM0dS5wbFwvd3AtY29udGVudFwvdXBsb2Fkc1wvMjAyMFwvMDhcL0lNR18yMDIwMDcyNV8xNTU4NDIuanBnIiwic2xpZGVzaG93IjoiM2E1NWY5NCJ9\" href='https:\/\/podbaszta.bits4u.pl\/wp-content\/uploads\/2020\/08\/IMG_20200725_155842.jpg'><img width=\"2000\" height=\"1200\" src=\"https:\/\/podbaszta.bits4u.pl\/wp-content\/uploads\/2020\/08\/IMG_20200725_155842-2000x1200.jpg\" class=\"attachment-twentyseventeen-featured-image size-twentyseventeen-featured-image\" alt=\"\" decoding=\"async\" loading=\"lazy\" aria-describedby=\"gallery-1-552\" sizes=\"100vw\" \/><\/a>\n\t\t\t<\/div>\n\t\t\t\t<figcaption class='wp-caption-text gallery-caption' id='gallery-1-552'>\n\t\t\t\tsmart\n\t\t\t\t<\/figcaption><\/figure>\n\t\t<\/div>\n\t\t<\/div>\n\t\t\t\t<\/div>\n\t\t\t\t<\/div>\n\t\t\t\t\t\t<\/div>\n\t\t\t\t\t<\/div>\n\t\t<\/div>\n\t\t\t\t\t\t\t\t<\/div>\n\t\t\t\t\t<\/div>\n\t\t<\/section>\n\t\t\t\t\t\t\t\t\t<\/div>\n\t\t\t<\/div>\n\t\t\t\t\t<\/div>\n\t\t","protected":false},"excerpt":{"rendered":"<p>Ka\u017cdy z tych obiekt\u00f3w sk\u0142ada si\u0119 z 3 pokoi umiejscowionych na parterze i 3 pokoi na pierwszym pi\u0119trze. S\u0105 one 2, 3, a nawet 4 osobowe. Ka\u017cdy z pokoi posiada w\u0142asn\u0105 toalet\u0119 i umywalk\u0119 z ciep\u0142\u0105 i zimn\u0105 wod\u0105, a te kt\u00f3re s\u0105 po\u0142o\u017cone na parterze posiadaj\u0105 r\u00f3wnie\u017c \u0142azienk\u0119. Domek ten posiada r\u00f3wnie\u017c na parterze &hellip; <\/p>\n<p class=\"link-more\"><a href=\"https:\/\/podbaszta.bits4u.pl\/?page_id=399\" class=\"more-link\">Czytaj dalej<span class=\"screen-reader-text\"> DOMKI G\u00d3RALSKIE TYPU BRDA<\/span><\/a><\/p>\n","protected":false},"author":1,"featured_media":0,"parent":0,"menu_order":0,"comment_status":"closed","ping_status":"closed","template":"","meta":[],"_links":{"self":[{"href":"https:\/\/podbaszta.bits4u.pl\/index.php?rest_route=\/wp\/v2\/pages\/399"}],"collection":[{"href":"https:\/\/podbaszta.bits4u.pl\/index.php?rest_route=\/wp\/v2\/pages"}],"about":[{"href":"https:\/\/podbaszta.bits4u.pl\/index.php?rest_route=\/wp\/v2\/types\/page"}],"author":[{"embeddable":true,"href":"https:\/\/podbaszta.bits4u.pl\/index.php?rest_route=\/wp\/v2\/users\/1"}],"replies":[{"embeddable":true,"href":"https:\/\/podbaszta.bits4u.pl\/index.php?rest_route=%2Fwp%2Fv2%2Fcomments&post=399"}],"version-history":[{"count":19,"href":"https:\/\/podbaszta.bits4u.pl\/index.php?rest_route=\/wp\/v2\/pages\/399\/revisions"}],"predecessor-version":[{"id":891,"href":"https:\/\/podbaszta.bits4u.pl\/index.php?rest_route=\/wp\/v2\/pages\/399\/revisions\/891"}],"wp:attachment":[{"href":"https:\/\/podbaszta.bits4u.pl\/index.php?rest_route=%2Fwp%2Fv2%2Fmedia&parent=399"}],"curies":[{"name":"wp","href":"https:\/\/api.w.org\/{rel}","templated":true}]}}