{"id":401,"date":"2020-04-28T20:19:06","date_gmt":"2020-04-28T18:19:06","guid":{"rendered":"http:\/\/podbaszta.bits4u.pl\/?page_id=401"},"modified":"2020-05-07T17:00:58","modified_gmt":"2020-05-07T15:00:58","slug":"miejsce-na-przyczepy-kempingowe","status":"publish","type":"page","link":"https:\/\/podbaszta.bits4u.pl\/?page_id=401","title":{"rendered":"MIEJSCE NA PRZYCZEPY KEMPINGOWE"},"content":{"rendered":"\t\t<div data-elementor-type=\"wp-post\" data-elementor-id=\"401\" class=\"elementor elementor-401\">\n\t\t\t\t\t\t<div class=\"elementor-inner\">\n\t\t\t\t<div class=\"elementor-section-wrap\">\n\t\t\t\t\t\t\t\t\t<section class=\"elementor-section elementor-top-section elementor-element elementor-element-57304ee elementor-section-stretched elementor-section-boxed elementor-section-height-default elementor-section-height-default\" data-id=\"57304ee\" data-element_type=\"section\" data-settings=\"{&quot;stretch_section&quot;:&quot;section-stretched&quot;}\">\n\t\t\t\t\t\t<div class=\"elementor-container elementor-column-gap-default\">\n\t\t\t\t\t\t\t<div class=\"elementor-row\">\n\t\t\t\t\t<div class=\"elementor-column elementor-col-100 elementor-top-column elementor-element elementor-element-77de9ba\" data-id=\"77de9ba\" data-element_type=\"column\">\n\t\t\t<div class=\"elementor-column-wrap elementor-element-populated\">\n\t\t\t\t\t\t\t<div class=\"elementor-widget-wrap\">\n\t\t\t\t\t\t<div class=\"elementor-element elementor-element-4f2f3cd elementor-widget elementor-widget-text-editor\" data-id=\"4f2f3cd\" data-element_type=\"widget\" data-widget_type=\"text-editor.default\">\n\t\t\t\t<div class=\"elementor-widget-container\">\n\t\t\t\t\t\t\t\t<div class=\"elementor-text-editor elementor-clearfix\">\n\t\t\t\t<p><span style=\"display: inline !important; float: none; background-color: #ffffff; color: #7a7a7a; font-family: 'Roboto',Sans-serif; font-size: 20px; font-style: normal; font-variant: normal; font-weight: 400; letter-spacing: normal; orphans: 2; text-align: center; text-decoration: none; text-indent: 0px; text-transform: none; -webkit-text-stroke-width: 0px; white-space: normal; word-spacing: 0px;\">O\u015brodek zaprasza do skorzystania z oferty postawienia na jego terenie w sezonie letnim przyczepy kempingowej. Czas postoju jest mo\u017cliwy nawet do 90 dni. Istnieje mo\u017cliwo\u015b\u0107 pod\u0142\u0105czenia si\u0119 pod pr\u0105d i wod\u0119. Ca\u0142odobowo dla wczasowicz\u00f3w dost\u0119pne s\u0105 prysznice i toalety og\u00f3lnodost\u0119pne. Z naszej oferty skorzysta\u0142o ju\u017c wiele rodzin i ma\u0142\u017ce\u0144stw. Teren jest niezwykle atrakcyjny w malownicze widoki, blisko\u015b\u0107 natury, \u015bpiew ptak\u00f3w i \u015bwie\u017ce powietrze.<\/span><\/p>\t\t\t\t\t<\/div>\n\t\t\t\t\t\t<\/div>\n\t\t\t\t<\/div>\n\t\t\t\t\t\t<\/div>\n\t\t\t\t\t<\/div>\n\t\t<\/div>\n\t\t\t\t\t\t\t\t<\/div>\n\t\t\t\t\t<\/div>\n\t\t<\/section>\n\t\t\t\t<section class=\"elementor-section elementor-top-section elementor-element elementor-element-91439f9 elementor-section-stretched elementor-section-boxed elementor-section-height-default elementor-section-height-default\" data-id=\"91439f9\" data-element_type=\"section\" data-settings=\"{&quot;stretch_section&quot;:&quot;section-stretched&quot;}\">\n\t\t\t\t\t\t<div class=\"elementor-container elementor-column-gap-default\">\n\t\t\t\t\t\t\t<div class=\"elementor-row\">\n\t\t\t\t\t<div class=\"elementor-column elementor-col-100 elementor-top-column elementor-element elementor-element-1570e50\" data-id=\"1570e50\" data-element_type=\"column\">\n\t\t\t<div class=\"elementor-column-wrap elementor-element-populated\">\n\t\t\t\t\t\t\t<div class=\"elementor-widget-wrap\">\n\t\t\t\t\t\t<div class=\"elementor-element elementor-element-cd4b649 elementor-widget elementor-widget-image-gallery\" data-id=\"cd4b649\" data-element_type=\"widget\" data-widget_type=\"image-gallery.default\">\n\t\t\t\t<div class=\"elementor-widget-container\">\n\t\t\t\t\t<div class=\"elementor-image-gallery\">\n\t\t\t<div id='gallery-1' class='gallery galleryid-401 gallery-columns-2 gallery-size-medium_large'><figure class='gallery-item'>\n\t\t\t<div class='gallery-icon landscape'>\n\t\t\t\t<a data-elementor-open-lightbox=\"yes\" data-elementor-lightbox-slideshow=\"cd4b649\" data-elementor-lightbox-title=\"DSC_0376\" e-action-hash=\"#elementor-action%3Aaction%3Dlightbox%26settings%3DeyJpZCI6Mjk0LCJ1cmwiOiJodHRwczpcL1wvcG9kYmFzenRhLmJpdHM0dS5wbFwvd3AtY29udGVudFwvdXBsb2Fkc1wvMjAyMFwvMDNcL0RTQ18wMzc2LmpwZyIsInNsaWRlc2hvdyI6ImNkNGI2NDkifQ%3D%3D\" href='https:\/\/podbaszta.bits4u.pl\/wp-content\/uploads\/2020\/03\/DSC_0376.jpg'><img width=\"525\" height=\"349\" src=\"https:\/\/podbaszta.bits4u.pl\/wp-content\/uploads\/2020\/03\/DSC_0376-768x511.jpg\" class=\"attachment-medium_large size-medium_large\" alt=\"\" decoding=\"async\" loading=\"lazy\" srcset=\"https:\/\/podbaszta.bits4u.pl\/wp-content\/uploads\/2020\/03\/DSC_0376-768x511.jpg 768w, https:\/\/podbaszta.bits4u.pl\/wp-content\/uploads\/2020\/03\/DSC_0376-300x199.jpg 300w, https:\/\/podbaszta.bits4u.pl\/wp-content\/uploads\/2020\/03\/DSC_0376-1024x681.jpg 1024w\" sizes=\"100vw\" \/><\/a>\n\t\t\t<\/div><\/figure><figure class='gallery-item'>\n\t\t\t<div class='gallery-icon landscape'>\n\t\t\t\t<a data-elementor-open-lightbox=\"yes\" data-elementor-lightbox-slideshow=\"cd4b649\" data-elementor-lightbox-title=\"DSC_0318\" e-action-hash=\"#elementor-action%3Aaction%3Dlightbox%26settings%3DeyJpZCI6MjkzLCJ1cmwiOiJodHRwczpcL1wvcG9kYmFzenRhLmJpdHM0dS5wbFwvd3AtY29udGVudFwvdXBsb2Fkc1wvMjAyMFwvMDNcL0RTQ18wMzE4LmpwZyIsInNsaWRlc2hvdyI6ImNkNGI2NDkifQ%3D%3D\" href='https:\/\/podbaszta.bits4u.pl\/wp-content\/uploads\/2020\/03\/DSC_0318.jpg'><img width=\"525\" height=\"349\" src=\"https:\/\/podbaszta.bits4u.pl\/wp-content\/uploads\/2020\/03\/DSC_0318-768x511.jpg\" class=\"attachment-medium_large size-medium_large\" alt=\"\" decoding=\"async\" loading=\"lazy\" srcset=\"https:\/\/podbaszta.bits4u.pl\/wp-content\/uploads\/2020\/03\/DSC_0318-768x511.jpg 768w, https:\/\/podbaszta.bits4u.pl\/wp-content\/uploads\/2020\/03\/DSC_0318-300x199.jpg 300w, https:\/\/podbaszta.bits4u.pl\/wp-content\/uploads\/2020\/03\/DSC_0318-1024x681.jpg 1024w\" sizes=\"100vw\" \/><\/a>\n\t\t\t<\/div><\/figure>\n\t\t<\/div>\n\t\t<\/div>\n\t\t\t\t<\/div>\n\t\t\t\t<\/div>\n\t\t\t\t\t\t<\/div>\n\t\t\t\t\t<\/div>\n\t\t<\/div>\n\t\t\t\t\t\t\t\t<\/div>\n\t\t\t\t\t<\/div>\n\t\t<\/section>\n\t\t\t\t\t\t\t\t\t<\/div>\n\t\t\t<\/div>\n\t\t\t\t\t<\/div>\n\t\t","protected":false},"excerpt":{"rendered":"<p>O\u015brodek zaprasza do skorzystania z oferty postawienia na jego terenie w sezonie letnim przyczepy kempingowej. Czas postoju jest mo\u017cliwy nawet do 90 dni. Istnieje mo\u017cliwo\u015b\u0107 pod\u0142\u0105czenia si\u0119 pod pr\u0105d i wod\u0119. Ca\u0142odobowo dla wczasowicz\u00f3w dost\u0119pne s\u0105 prysznice i toalety og\u00f3lnodost\u0119pne. Z naszej oferty skorzysta\u0142o ju\u017c wiele rodzin i ma\u0142\u017ce\u0144stw. Teren jest niezwykle atrakcyjny w malownicze &hellip; <\/p>\n<p class=\"link-more\"><a href=\"https:\/\/podbaszta.bits4u.pl\/?page_id=401\" class=\"more-link\">Czytaj dalej<span class=\"screen-reader-text\"> MIEJSCE NA PRZYCZEPY KEMPINGOWE<\/span><\/a><\/p>\n","protected":false},"author":1,"featured_media":0,"parent":0,"menu_order":0,"comment_status":"closed","ping_status":"closed","template":"","meta":[],"_links":{"self":[{"href":"https:\/\/podbaszta.bits4u.pl\/index.php?rest_route=\/wp\/v2\/pages\/401"}],"collection":[{"href":"https:\/\/podbaszta.bits4u.pl\/index.php?rest_route=\/wp\/v2\/pages"}],"about":[{"href":"https:\/\/podbaszta.bits4u.pl\/index.php?rest_route=\/wp\/v2\/types\/page"}],"author":[{"embeddable":true,"href":"https:\/\/podbaszta.bits4u.pl\/index.php?rest_route=\/wp\/v2\/users\/1"}],"replies":[{"embeddable":true,"href":"https:\/\/podbaszta.bits4u.pl\/index.php?rest_route=%2Fwp%2Fv2%2Fcomments&post=401"}],"version-history":[{"count":4,"href":"https:\/\/podbaszta.bits4u.pl\/index.php?rest_route=\/wp\/v2\/pages\/401\/revisions"}],"predecessor-version":[{"id":504,"href":"https:\/\/podbaszta.bits4u.pl\/index.php?rest_route=\/wp\/v2\/pages\/401\/revisions\/504"}],"wp:attachment":[{"href":"https:\/\/podbaszta.bits4u.pl\/index.php?rest_route=%2Fwp%2Fv2%2Fmedia&parent=401"}],"curies":[{"name":"wp","href":"https:\/\/api.w.org\/{rel}","templated":true}]}}