{"id":403,"date":"2020-04-28T20:19:24","date_gmt":"2020-04-28T18:19:24","guid":{"rendered":"http:\/\/podbaszta.bits4u.pl\/?page_id=403"},"modified":"2025-07-08T23:34:54","modified_gmt":"2025-07-08T21:34:54","slug":"pole-namiotowe","status":"publish","type":"page","link":"https:\/\/podbaszta.bits4u.pl\/?page_id=403","title":{"rendered":"POLE NAMIOTOWE"},"content":{"rendered":"\t\t<div data-elementor-type=\"wp-post\" data-elementor-id=\"403\" class=\"elementor elementor-403\">\n\t\t\t\t\t\t<div class=\"elementor-inner\">\n\t\t\t\t<div class=\"elementor-section-wrap\">\n\t\t\t\t\t\t\t\t\t<section class=\"elementor-section elementor-top-section elementor-element elementor-element-28d01ac elementor-section-stretched elementor-section-boxed elementor-section-height-default elementor-section-height-default\" data-id=\"28d01ac\" data-element_type=\"section\" data-settings=\"{&quot;stretch_section&quot;:&quot;section-stretched&quot;}\">\n\t\t\t\t\t\t<div class=\"elementor-container elementor-column-gap-default\">\n\t\t\t\t\t\t\t<div class=\"elementor-row\">\n\t\t\t\t\t<div class=\"elementor-column elementor-col-50 elementor-top-column elementor-element elementor-element-c98015a\" data-id=\"c98015a\" data-element_type=\"column\" data-settings=\"{&quot;background_background&quot;:&quot;classic&quot;}\">\n\t\t\t<div class=\"elementor-column-wrap elementor-element-populated\">\n\t\t\t\t\t\t\t<div class=\"elementor-widget-wrap\">\n\t\t\t\t\t\t<div class=\"elementor-element elementor-element-d286c8a elementor-widget elementor-widget-text-editor\" data-id=\"d286c8a\" data-element_type=\"widget\" data-widget_type=\"text-editor.default\">\n\t\t\t\t<div class=\"elementor-widget-container\">\n\t\t\t\t\t\t\t\t<div class=\"elementor-text-editor elementor-clearfix\">\n\t\t\t\t<p><span style=\"display: inline !important; float: none; background-color: #ffffff; color: #7a7a7a; font-family: 'Roboto',Sans-serif; font-size: 20px; font-style: normal; font-variant: normal; font-weight: 400; letter-spacing: normal; orphans: 2; text-align: center; text-decoration: none; text-indent: 0px; text-transform: none; -webkit-text-stroke-width: 0px; white-space: normal; word-spacing: 0px;\">Nasz o\u015brodek posiada r\u00f3wnie\u017c miejsca pod namioty, te du\u017ce, jak i ma\u0142e, w kt\u00f3rych to r\u00f3wnie\u017c realizujemy wypoczynek dla bardziej wytrwa\u0142ego m\u0142odego pokolenia. Blisko\u015b\u0107 do jeziora, mo\u017cliwo\u015b\u0107 w\u0119dkowania, rozpalenia ogniska, k\u0105pieli i pop\u0142ywania sprz\u0119tem wodnym bardzo urozmaicaj\u0105 ten atrakcyjny teren, kt\u00f3rego charakteryzuje du\u017ca odleg\u0142o\u015b\u0107 od ha\u0142asu miejskiego. Teren o\u015brodka jest bardzo ch\u0119tnie wybierany przez harcerzy i sportowc\u00f3w.<\/span><\/p>\t\t\t\t\t<\/div>\n\t\t\t\t\t\t<\/div>\n\t\t\t\t<\/div>\n\t\t\t\t\t\t<\/div>\n\t\t\t\t\t<\/div>\n\t\t<\/div>\n\t\t\t\t<div class=\"elementor-column elementor-col-50 elementor-top-column elementor-element elementor-element-84c1a16\" data-id=\"84c1a16\" data-element_type=\"column\">\n\t\t\t<div class=\"elementor-column-wrap elementor-element-populated\">\n\t\t\t\t\t\t\t<div class=\"elementor-widget-wrap\">\n\t\t\t\t\t\t<div class=\"elementor-element elementor-element-8ea1d1d elementor-widget elementor-widget-image-gallery\" data-id=\"8ea1d1d\" data-element_type=\"widget\" data-widget_type=\"image-gallery.default\">\n\t\t\t\t<div class=\"elementor-widget-container\">\n\t\t\t\t\t<div class=\"elementor-image-gallery\">\n\t\t\t<div id='gallery-1' class='gallery galleryid-403 gallery-columns-1 gallery-size-medium'><figure class='gallery-item'>\n\t\t\t<div class='gallery-icon landscape'>\n\t\t\t\t<a data-elementor-open-lightbox=\"yes\" data-elementor-lightbox-slideshow=\"8ea1d1d\" data-elementor-lightbox-title=\"91298742_4447498955267582_5097903855664889856_n\" e-action-hash=\"#elementor-action%3Aaction%3Dlightbox%26settings%3DeyJpZCI6Mjg5LCJ1cmwiOiJodHRwczpcL1wvcG9kYmFzenRhLmJpdHM0dS5wbFwvd3AtY29udGVudFwvdXBsb2Fkc1wvMjAyMFwvMDNcLzkxMjk4NzQyXzQ0NDc0OTg5NTUyNjc1ODJfNTA5NzkwMzg1NTY2NDg4OTg1Nl9uLmpwZyIsInNsaWRlc2hvdyI6IjhlYTFkMWQifQ%3D%3D\" href='https:\/\/podbaszta.bits4u.pl\/wp-content\/uploads\/2020\/03\/91298742_4447498955267582_5097903855664889856_n.jpg'><img width=\"300\" height=\"138\" src=\"https:\/\/podbaszta.bits4u.pl\/wp-content\/uploads\/2020\/03\/91298742_4447498955267582_5097903855664889856_n-300x138.jpg\" class=\"attachment-medium size-medium\" alt=\"\" decoding=\"async\" loading=\"lazy\" srcset=\"https:\/\/podbaszta.bits4u.pl\/wp-content\/uploads\/2020\/03\/91298742_4447498955267582_5097903855664889856_n-300x138.jpg 300w, https:\/\/podbaszta.bits4u.pl\/wp-content\/uploads\/2020\/03\/91298742_4447498955267582_5097903855664889856_n-768x354.jpg 768w, https:\/\/podbaszta.bits4u.pl\/wp-content\/uploads\/2020\/03\/91298742_4447498955267582_5097903855664889856_n-1024x472.jpg 1024w, https:\/\/podbaszta.bits4u.pl\/wp-content\/uploads\/2020\/03\/91298742_4447498955267582_5097903855664889856_n.jpg 2016w\" sizes=\"100vw\" \/><\/a>\n\t\t\t<\/div><\/figure><figure class='gallery-item'>\n\t\t\t<div class='gallery-icon landscape'>\n\t\t\t\t<a data-elementor-open-lightbox=\"yes\" data-elementor-lightbox-slideshow=\"8ea1d1d\" data-elementor-lightbox-title=\"90549964_2305110149788846_5037014920353284096_n\" e-action-hash=\"#elementor-action%3Aaction%3Dlightbox%26settings%3DeyJpZCI6MjcwLCJ1cmwiOiJodHRwczpcL1wvcG9kYmFzenRhLmJpdHM0dS5wbFwvd3AtY29udGVudFwvdXBsb2Fkc1wvMjAyMFwvMDNcLzkwNTQ5OTY0XzIzMDUxMTAxNDk3ODg4NDZfNTAzNzAxNDkyMDM1MzI4NDA5Nl9uLmpwZyIsInNsaWRlc2hvdyI6IjhlYTFkMWQifQ%3D%3D\" href='https:\/\/podbaszta.bits4u.pl\/wp-content\/uploads\/2020\/03\/90549964_2305110149788846_5037014920353284096_n.jpg'><img width=\"300\" height=\"169\" src=\"https:\/\/podbaszta.bits4u.pl\/wp-content\/uploads\/2020\/03\/90549964_2305110149788846_5037014920353284096_n-300x169.jpg\" class=\"attachment-medium size-medium\" alt=\"\" decoding=\"async\" loading=\"lazy\" srcset=\"https:\/\/podbaszta.bits4u.pl\/wp-content\/uploads\/2020\/03\/90549964_2305110149788846_5037014920353284096_n-300x169.jpg 300w, https:\/\/podbaszta.bits4u.pl\/wp-content\/uploads\/2020\/03\/90549964_2305110149788846_5037014920353284096_n-768x432.jpg 768w, https:\/\/podbaszta.bits4u.pl\/wp-content\/uploads\/2020\/03\/90549964_2305110149788846_5037014920353284096_n-1024x576.jpg 1024w\" sizes=\"100vw\" \/><\/a>\n\t\t\t<\/div><\/figure>\n\t\t<\/div>\n\t\t<\/div>\n\t\t\t\t<\/div>\n\t\t\t\t<\/div>\n\t\t\t\t\t\t<\/div>\n\t\t\t\t\t<\/div>\n\t\t<\/div>\n\t\t\t\t\t\t\t\t<\/div>\n\t\t\t\t\t<\/div>\n\t\t<\/section>\n\t\t\t\t\t\t\t\t\t<\/div>\n\t\t\t<\/div>\n\t\t\t\t\t<\/div>\n\t\t","protected":false},"excerpt":{"rendered":"<p>Nasz o\u015brodek posiada r\u00f3wnie\u017c miejsca pod namioty, te du\u017ce, jak i ma\u0142e, w kt\u00f3rych to r\u00f3wnie\u017c realizujemy wypoczynek dla bardziej wytrwa\u0142ego m\u0142odego pokolenia. Blisko\u015b\u0107 do jeziora, mo\u017cliwo\u015b\u0107 w\u0119dkowania, rozpalenia ogniska, k\u0105pieli i pop\u0142ywania sprz\u0119tem wodnym bardzo urozmaicaj\u0105 ten atrakcyjny teren, kt\u00f3rego charakteryzuje du\u017ca odleg\u0142o\u015b\u0107 od ha\u0142asu miejskiego. Teren o\u015brodka jest bardzo ch\u0119tnie wybierany przez harcerzy &hellip; <\/p>\n<p class=\"link-more\"><a href=\"https:\/\/podbaszta.bits4u.pl\/?page_id=403\" class=\"more-link\">Czytaj dalej<span class=\"screen-reader-text\"> POLE NAMIOTOWE<\/span><\/a><\/p>\n","protected":false},"author":1,"featured_media":0,"parent":0,"menu_order":0,"comment_status":"closed","ping_status":"closed","template":"","meta":[],"_links":{"self":[{"href":"https:\/\/podbaszta.bits4u.pl\/index.php?rest_route=\/wp\/v2\/pages\/403"}],"collection":[{"href":"https:\/\/podbaszta.bits4u.pl\/index.php?rest_route=\/wp\/v2\/pages"}],"about":[{"href":"https:\/\/podbaszta.bits4u.pl\/index.php?rest_route=\/wp\/v2\/types\/page"}],"author":[{"embeddable":true,"href":"https:\/\/podbaszta.bits4u.pl\/index.php?rest_route=\/wp\/v2\/users\/1"}],"replies":[{"embeddable":true,"href":"https:\/\/podbaszta.bits4u.pl\/index.php?rest_route=%2Fwp%2Fv2%2Fcomments&post=403"}],"version-history":[{"count":11,"href":"https:\/\/podbaszta.bits4u.pl\/index.php?rest_route=\/wp\/v2\/pages\/403\/revisions"}],"predecessor-version":[{"id":903,"href":"https:\/\/podbaszta.bits4u.pl\/index.php?rest_route=\/wp\/v2\/pages\/403\/revisions\/903"}],"wp:attachment":[{"href":"https:\/\/podbaszta.bits4u.pl\/index.php?rest_route=%2Fwp%2Fv2%2Fmedia&parent=403"}],"curies":[{"name":"wp","href":"https:\/\/api.w.org\/{rel}","templated":true}]}}